{"id":2226,"date":"2024-11-03T21:24:23","date_gmt":"2024-11-03T19:24:23","guid":{"rendered":"https:\/\/granjaescuela-haritzberri.com\/aviso-legal\/"},"modified":"2024-11-03T21:42:33","modified_gmt":"2024-11-03T19:42:33","slug":"aviso-legal","status":"publish","type":"page","link":"https:\/\/granjaescuela-haritzberri.com\/eu\/aviso-legal\/","title":{"rendered":"Aviso Legal"},"content":{"rendered":"\r\n\r\n\r\n<p>Le damos la bienvenida a nuestra web y le agradecemos su inter\u00e9s por leer las condiciones legales de nuestra web. Somos conscientes de que este tema puede no ser su preferido, pero es importante que conozca toda la informaci\u00f3n relativa a los t\u00e9rminos y condiciones legales que definen las relaciones entre los usuarios y nuestra empresa, como responsable de esta web. Como usuario es importante que conozca estos t\u00e9rminos antes de continuar su navegaci\u00f3n.<\/p>\r\n<p>Somos la GRANJA ESCUELA HARITZ BERRI, como responsable de esta web, nos comprometemos a procesar la informaci\u00f3n de nuestros usuarios con plenas garant\u00edas y cumplir con los requisitos nacionales y europeos que regulan la recopilaci\u00f3n y uso de los datos personales.<\/p>\r\n<p>Esta web, por tanto, cumple rigurosamente con el Reglamento (UE) 2016\/679 del Parlamento Europeo y del Consejo de 27 de abril de 2016 relativo a la protecci\u00f3n de las personas f\u00edsicas (RGPD), as\u00ed como con la Ley 34\/2002, de 11 de julio, de Servicios de la Sociedad de la Informaci\u00f3n y Comercio Electr\u00f3nico (LSSICE \u00f3 LSSI).<\/p>\r\n<p>En cumplimiento del art\u00edculo 10 de la Ley 34\/2002, de 11 de julio, de Servicios de la Sociedad de la Informaci\u00f3n y Comercio Electr\u00f3nico, a continuaci\u00f3n, se exponen los datos identificativos de GRANJA ESCUELA HARITZ BERRI<\/p>\r\n<p>Titular: FUNDACI\u00d3N ILUNDAIN-HARITZ BERRI<\/p>\r\n<p>NIF: G31725484<\/p>\r\n<p>Direcci\u00f3n: C\/San Juan s\/n 31192 Ilundain<\/p>\r\n<p>Tel\u00e9fono: +34 948 339 004<\/p>\r\n<p>Direcci\u00f3n de correo electr\u00f3nico:<\/p>\r\n<p><a href=\"mailto:haritzberri@fundacion-ilundain.com\">haritzberri@fundacion-ilundain.com<\/a><\/p>\r\n<p>&nbsp;<\/p>\r\n\r\n\r\n\r\n<p><strong>1\u00ba)\u00a0<u>INFORMACI\u00d3N SOBRE PROPIEDAD INTELECTUAL E INDUSTRIAL<\/u>.<\/strong><\/p>\r\n<p>GRANJA ESCUELA HARITZ BERRI es el titular en exclusiva de los Derechos de Explotaci\u00f3n del presente sitio web. GRANJA ESCUELA HARITZ BERRI se reserva todos los derechos de propiedad intelectual e industrial derivados del presente site, siendo necesaria la autorizaci\u00f3n expresa y por escrito por parte de FUNDACI\u00d3N ILUNDAIN-HARITZ BERRI para cualquier ejercicio y uso de los mismos. La presente reserva de derechos alcanza tanto a la apariencia externa (\u201clook and feel\u201d) como a los contenidos que bajo cualquier formato puedan incluirse y distribuirse a trav\u00e9s de esta web, al propio c\u00f3digo, dise\u00f1o y estructura de navegaci\u00f3n del site.<\/p>\r\n<p>GRANJA ESCUELA HARITZ BERRI podr\u00e1 realizar, en cualquier momento y sin necesidad de previo aviso, modificaciones y actualizaciones sobre la informaci\u00f3n contenida en su sitio web, o en su configuraci\u00f3n o presentaci\u00f3n. GRANJA ESCUELA HARITZ BERRI realiza todos los esfuerzos posibles para que la informaci\u00f3n suministrada a trav\u00e9s de esta web sea clara, comprensible y adecuada, as\u00ed como para evitar errores en la medida de lo posible y, en su caso, repararlos o actualizarlos. Sin embargo, FUNDACI\u00d3N ILUNDAIN-HARITZ BERRI no puede garantizar la inexistencia de errores ni que el contenido de la informaci\u00f3n se encuentre permanentemente actualizado.<\/p>\r\n<p>GRANJA ESCUELA HARITZ BERRI en ning\u00fan caso ser\u00e1 responsable del incumplimiento por parte de sus proveedores o colaboradores de los derechos de propiedad intelectual de los autores de las im\u00e1genes y fotograf\u00edas suministradas por aquellos, presuponi\u00e9ndose que los derechos de explotaci\u00f3n sobre las mismas han sido debidamente cedidos por sus titulares a los citados proveedores.<\/p>\r\n<p><strong>2\u00ba)\u00a0<u>CONDICIONES Y T\u00c9RMINOS DE REGISTRO Y ACCESO AL SITIO WEB<\/u>.<\/strong><\/p>\r\n<p>El usuario, por el mero hecho de acceder al presente sitio, cualesquiera que sea la forma de dicho acceso, consiente y accede a las presentes condiciones, las cuales marcar\u00e1n el r\u00e9gimen de utilizaci\u00f3n del presente site. El titular se reserva el derecho a alterarlas y modificarlas en cualquier momento, siendo las publicadas en la \u00faltima actualizaci\u00f3n las que rigen y son aplicaci\u00f3n en cada visita. Si el usuario no acepta la totalidad de las presentes condiciones no est\u00e1 autorizado a acceder al presente sitio web y a los contenidos y servicios en \u00e9l alojados debiendo proceder a abandonar el sitio de forma inmediata. Las presentes condiciones son as\u00ed mismo extensibles y aplicables a las comunicaciones y boletines que en su caso puedan remitirse por el titular del site, debiendo por tanto el usuario aceptar las presentes condiciones para su acceso y\/o uso.<\/p>\r\n<p>GRANJA ESCUELA HARITZ BERRI se reserva el derecho de excluir, temporalmente o definitivamente a los usuarios en cualquiera de los siguientes supuestos:<\/p>\r\n<ul>\r\n<li>Por incumplimiento de cualquiera de las presentes condiciones generales de uso.<\/li>\r\n<li>Por incumplimiento de las leyes, la moral, y el Orden P\u00fablico.<\/li>\r\n<\/ul>\r\n<p><strong>3\u00ba)\u00a0<u>OBJETO<\/u>.<\/strong><\/p>\r\n\r\n<p>www.fundacion-ilundain.com es la web oficial de GRANJA ESCUELA HARITZ BERRI donde el usuario va a encontrar la mejor informaci\u00f3n sobre nuestra fundaci\u00f3n en la que acompa\u00f1amos a j\u00f3venes en situaci\u00f3n de vulnerabilidad generando nuevas oportunidades que favorezcan su inclusi\u00f3n social, laboral y comunitaria.<\/p>\r\n<p>En nuestra web podr\u00e1 conocer nuestra historia, nuestros programas, formaci\u00f3n que ofrecemos, as\u00ed como contactar con nosotros mediante el formulario habilitado al efecto o mediante correo electr\u00f3nico en la direcci\u00f3n reserv\u00e1ndonos el derecho de poder ofrecer otros contenidos y enlaces relacionados o no con lo anterior.<\/p>\r\n<p><strong>4\u00ba)\u00a0<u>POL\u00cdTICA DE PROTECCI\u00d3N DE DATOS PERSONALES.<\/u><\/strong><\/p>\r\n<p>Puedes leer qu\u00e9 datos que recopilamos y c\u00f3mo tratamos los mismos y nuestra\u00a0<u>pol\u00edtica de protecci\u00f3n de datos<\/u><\/p>\r\n<p><strong>5\u00ba)\u00a0<u>VINCULACION A OTROS SITIOS WEB<\/u>.<\/strong><\/p>\r\n<p>Se proh\u00edbe la presentaci\u00f3n de una p\u00e1gina del sitio web en una ventana de un sitio web que no pertenezca al titular de la web www.fundacion-ilundain.com, mediante la t\u00e9cnica denominada \u00abframing\u00bb, a no ser que cuente con el expreso consentimiento de GRANJA ESCUELA HARITZ BERRI<\/p>\r\n<p>Se proh\u00edbe la inserci\u00f3n de cualquier tipo de contenido difundido a trav\u00e9s de web www.fundacion-ilundain.com, en otro sitio web distinto a aquel mediante la t\u00e9cnica denominada \u00abin line linking\u00bb, si ello, no cuenta con el expreso consentimiento de GRANJA ESCUELA HARITZ BERRI.<\/p>\r\n<p>Se autoriza el establecimiento de links de hipertexto (hiperv\u00ednculos) en otros sitios web, los cuales est\u00e9n dirigidos a la home page web www.fundacion-ilundain.com, o en su caso, a cualquier otra p\u00e1gina interna (\u201cdeep link\u201d) del sitio web, siempre que las correspondientes p\u00e1ginas aparezcan en una ventana completa y bajo sus respectivas direcciones IP, asumiendo su total responsabilidad y riesgo aquel que proceda al establecer el hiperv\u00ednculo a web site.<\/p>\r\n<p><strong>6\u00ba)\u00a0<u>RESPONSABILIDADES<\/u>.<\/strong><\/p>\r\n<p>Los usuarios se comprometen a hacer un uso adecuado de los contenidos y servicios que\u00a0 GRANJA ESCUELA HARITZ BERRI ofrece a trav\u00e9s de su sitio web y a no emplearlos para (I) incurrir en actividades il\u00edcitas, ilegales o contrarias a la buena fe y al orden p\u00fablico; (II) difundir contenidos o propaganda de car\u00e1cter racista, xen\u00f3fobo, pornogr\u00e1fico-ilegal, de apolog\u00eda del terrorismo o atentatorio contra los derechos humanos; (III) provocar da\u00f1os en los sistemas inform\u00e1ticos de GRANJA ESCUELA HARITZ BERRI o de sus proveedores; (IV) introducir o difundir en la red de GRANJA ESCUELA HARITZ BERRI virus inform\u00e1ticos o cualesquiera otros sistemas que sean susceptibles de provocar los da\u00f1os, (V) desarrollar actividades que tengan que ver con t\u00e9cnicas de des compilaci\u00f3n o descodificaci\u00f3n de contenido, no autorizadas.<\/p>\r\n<p>En el caso de que el usuario o cualquier otro usuario de Internet tuviera conocimiento de que en el sitio web exhibe contenidos o servicios il\u00edcitos, nocivos, denigrantes, violentos o contrarios a la moral o de que los sitios enlazados remiten a p\u00e1ginas con dicho contenido, deber\u00e1 ponerse en contacto con GRANJA ESCUELA HARITZ BERRI en la direcci\u00f3n de correo electr\u00f3nico indicada en este aviso legal, identific\u00e1ndose de forma suficiente si fuese preciso y describiendo los hechos que considera il\u00edcitos o inadecuados. En el supuesto de violaci\u00f3n de derechos tales como los de propiedad intelectual e industrial, deber\u00e1 aportar tambi\u00e9n los datos personales del titular del derecho infringido, cuando sea persona distinta del comunicante. Asimismo, deber\u00e1 aportar el t\u00edtulo que acredite la legitimaci\u00f3n del titular de los derechos y, en su caso, el de representaci\u00f3n para actuar por cuenta del titular cuando sea persona distinta del comunicante, y declaraci\u00f3n expresa de que la informaci\u00f3n contenida en la reclamaci\u00f3n es exacta.<\/p>\r\n<p>La recepci\u00f3n por parte de GRANJA ESCUELA HARITZ BERRI de la comunicaci\u00f3n prevista en esta cl\u00e1usula no supondr\u00e1, seg\u00fan lo dispuesto en la LSSI, el conocimiento efectivo de las actividades y\/o contenidos indicados por el comunicante.<\/p>\r\n<p>GRANJA ESCUELA HARITZ BERRI no garantiza de ninguna forma la precisi\u00f3n, contenido, integridad, legalidad, fiabilidad, actualidad, veracidad, exactitud, funcionamiento o disponibilidad de los contenidos y servicios que ofrece, declinando cualquier responsabilidad sobre los mismos, as\u00ed como los perjuicios que en su caso puedan contemplar. La informaci\u00f3n que se ofrece tiene un car\u00e1cter meramente informativo y no es representativa de nada. Lo dicho anteriormente es extensible a los enlaces, contenidos y opiniones no pertenecientes al titular u no alojados en el presente sitio web, correspondiendo la responsabilidad en todo caso a los titulares de los contenidos y de los sitios en cuesti\u00f3n. As\u00ed mismo, GRANJA ESCUELA HARITZ BERRI no se hace responsable del uso incorrecto que en su caso pudiera efectuarse de los contenidos ofrecidos, declinando toda responsabilidad al respecto.<\/p>\r\n<p>GRANJA ESCUELA HARITZ BERRI no se hace responsable directa o subsidiariamente de cuantas reclamaciones puedan derivarse de la calidad, fiabilidad, exactitud o correcci\u00f3n de los contenidos.<\/p>\r\n<p><strong>7\u00ba)\u00a0<u>PRESTACI\u00d3N DEL SERVICIO<\/u>.<\/strong><\/p>\r\n<p>GRANJA ESCUELA HARITZ BERRI se reserva el derecho a modificar sus programas, as\u00ed como la sistematizaci\u00f3n de los datos suministrados y las caracter\u00edsticas t\u00e9cnicas de acceso y transmisi\u00f3n. Cuando dichos cambios no permitan un uso compatible con las versiones anteriores instaladas, GRANJA ESCUELA HARITZ BERRI, lo comunicar\u00e1 a trav\u00e9s de su sitio web. Igualmente se reserva el derecho de interrumpir parcial o totalmente el servicio por cambios t\u00e9cnicos o aver\u00edas, comunic\u00e1ndolo previamente a trav\u00e9s de su sitio web si es posible o a trav\u00e9s de cualquier otro sitio habilitado al efecto.<\/p>\r\n<p>GRANJA ESCUELA HARITZ BERRI velar\u00e1, en la medida de lo posible, por la seguridad inform\u00e1tica de los soportes t\u00e9cnicos usados por el usuario en su navegaci\u00f3n por las p\u00e1ginas del sitio web. Sin embargo, debido a que Internet no puede ser considerado un medio seguro, GRANJA ESCUELA HARITZ BERRI no puede garantizar la ausencia de virus u otros elementos lesivos, introducidos por terceros, que pudieran causar da\u00f1os o alteraciones en el sistema inform\u00e1tico, en los documentos electr\u00f3nicos o en los ficheros del usuario que visite este Sitio Web. En consecuencia, GRANJA ESCUELA HARITZ BERRI no responder\u00e1 por los da\u00f1os y perjuicios que tales elementos pudieran ocasionar al usuario o a terceros.<\/p>\r\n<p>No es responsabilidad de GRANJA ESCUELA HARITZ BERRI\u00a0el sistema operativo que en este momento est\u00e9 implantado, ni las consecuencias que de un mal funcionamiento del mismo pudieran derivarse.<\/p>\r\n<p>GRANJA ESCUELA HARITZ BERRI se reserva el derecho de efectuar sin previo aviso las modificaciones que considere oportunas en su sitio web, pudiendo cambiar, suprimir o a\u00f1adir tanto los contenidos y servicios que se presten a trav\u00e9s de la misma como la forma en la que \u00e9stos aparezcan presentados o localizados en su sitio web.<\/p>\r\n<p><strong>8\u00ba)\u00a0<u>DERECHOS DE IMAGEN y DISCLAIMER<\/u>.<\/strong><\/p>\r\n<p>GRANJA ESCUELA HARITZ BERRI no se hace responsable de los contenidos, informaciones e im\u00e1genes que no dependan del Web site, ni sean gestionados por la GRANJA ESCUELA HARITZ BERRI<\/p>\r\n<p>GRANJA ESCUELA HARITZ BERRI, aunque aparezcan en el Web site en virtud de cualquier convenio firmado por GRANJA ESCUELA HARITZ BERRI.<\/p>\r\n<p><strong>9\u00ba)\u00a0<u>INFRACCIONES<\/u>.<\/strong><\/p>\r\n<p>GRANJA ESCUELA HARITZ BERRI perseguir\u00e1 el incumplimiento de las anteriores condiciones, as\u00ed como cualquier utilizaci\u00f3n prohibida e indebida de su sitio web ejerciendo todas las acciones civiles y penales que le puedan corresponder en derecho.<\/p>\r\n<p><strong>11\u00ba)\u00a0<u>VALIDEZ<\/u>.<\/strong><\/p>\r\n<p>En el caso de que alguna cl\u00e1usula o parte de la misma del presente aviso fuera declarada nula, dicha circunstancia no afectar\u00e1 a la validez del resto.<\/p>\r\n<p><strong>12\u00ba)\u00a0<u>JURISDICCI\u00d3N Y FUERO APLICABLE<\/u>.<\/strong><\/p>\r\n<p>La ley aplicable a cualquier controversia que se suscite con relaci\u00f3n al presente site y a los contenidos en \u00e9l ofrecidos, ser\u00e1 la ley espa\u00f1ola. Las partes acuerdan someterse a los Juzgados y Tribunales de la ciudad de Aoiz, con renuncia expresa a cualquier otro fuero que pudiera corresponderles.<\/p>","protected":false},"excerpt":{"rendered":"<p>Le damos la bienvenida a nuestra web y le agradecemos su inter\u00e9s por leer las condiciones legales de nuestra web. Somos conscientes de que este tema puede no ser su preferido, pero es importante que conozca toda la informaci\u00f3n relativa a los t\u00e9rminos y condiciones legales que definen las relaciones entre los usuarios y nuestra [&hellip;]<\/p>\n","protected":false},"author":2,"featured_media":0,"parent":0,"menu_order":99,"comment_status":"closed","ping_status":"closed","template":"","meta":{"_acf_changed":false,"footnotes":""},"class_list":["post-2226","page","type-page","status-publish","hentry"],"acf":[],"yoast_head":"<!-- This site is optimized with the Yoast SEO plugin v27.6 - https:\/\/yoast.com\/product\/yoast-seo-wordpress\/ -->\n<title>Aviso Legal - Granja escuela Haritz Berri<\/title>\n<meta name=\"robots\" content=\"index, follow, max-snippet:-1, max-image-preview:large, max-video-preview:-1\" \/>\n<link rel=\"canonical\" href=\"https:\/\/granjaescuela-haritzberri.com\/eu\/aviso-legal\/\" \/>\n<meta property=\"og:locale\" content=\"en_US\" \/>\n<meta property=\"og:type\" content=\"article\" \/>\n<meta property=\"og:title\" content=\"Aviso Legal - Granja escuela Haritz Berri\" \/>\n<meta property=\"og:description\" content=\"Le damos la bienvenida a nuestra web y le agradecemos su inter\u00e9s por leer las condiciones legales de nuestra web. Somos conscientes de que este tema puede no ser su preferido, pero es importante que conozca toda la informaci\u00f3n relativa a los t\u00e9rminos y condiciones legales que definen las relaciones entre los usuarios y nuestra [&hellip;]\" \/>\n<meta property=\"og:url\" content=\"https:\/\/granjaescuela-haritzberri.com\/eu\/aviso-legal\/\" \/>\n<meta property=\"og:site_name\" content=\"Granja escuela Haritz Berri\" \/>\n<meta property=\"article:modified_time\" content=\"2024-11-03T19:42:33+00:00\" \/>\n<meta name=\"twitter:card\" content=\"summary_large_image\" \/>\n<meta name=\"twitter:label1\" content=\"Est. reading time\" \/>\n\t<meta name=\"twitter:data1\" content=\"9 minutua\" \/>\n<script type=\"application\/ld+json\" class=\"yoast-schema-graph\">{\"@context\":\"https:\\\/\\\/schema.org\",\"@graph\":[{\"@type\":\"WebPage\",\"@id\":\"https:\\\/\\\/granjaescuela-haritzberri.com\\\/eu\\\/aviso-legal\\\/\",\"url\":\"https:\\\/\\\/granjaescuela-haritzberri.com\\\/eu\\\/aviso-legal\\\/\",\"name\":\"Aviso Legal - Granja escuela Haritz Berri\",\"isPartOf\":{\"@id\":\"https:\\\/\\\/granjaescuela-haritzberri.com\\\/#website\"},\"datePublished\":\"2024-11-03T19:24:23+00:00\",\"dateModified\":\"2024-11-03T19:42:33+00:00\",\"breadcrumb\":{\"@id\":\"https:\\\/\\\/granjaescuela-haritzberri.com\\\/eu\\\/aviso-legal\\\/#breadcrumb\"},\"inLanguage\":\"eu\",\"potentialAction\":[{\"@type\":\"ReadAction\",\"target\":[\"https:\\\/\\\/granjaescuela-haritzberri.com\\\/eu\\\/aviso-legal\\\/\"]}]},{\"@type\":\"BreadcrumbList\",\"@id\":\"https:\\\/\\\/granjaescuela-haritzberri.com\\\/eu\\\/aviso-legal\\\/#breadcrumb\",\"itemListElement\":[{\"@type\":\"ListItem\",\"position\":1,\"name\":\"Portada\",\"item\":\"https:\\\/\\\/granjaescuela-haritzberri.com\\\/eu\\\/\"},{\"@type\":\"ListItem\",\"position\":2,\"name\":\"Aviso Legal\"}]},{\"@type\":\"WebSite\",\"@id\":\"https:\\\/\\\/granjaescuela-haritzberri.com\\\/#website\",\"url\":\"https:\\\/\\\/granjaescuela-haritzberri.com\\\/\",\"name\":\"Granja escuela Haritz Berri\",\"description\":\"\",\"potentialAction\":[{\"@type\":\"SearchAction\",\"target\":{\"@type\":\"EntryPoint\",\"urlTemplate\":\"https:\\\/\\\/granjaescuela-haritzberri.com\\\/?s={search_term_string}\"},\"query-input\":{\"@type\":\"PropertyValueSpecification\",\"valueRequired\":true,\"valueName\":\"search_term_string\"}}],\"inLanguage\":\"eu\"}]}<\/script>\n<!-- \/ Yoast SEO plugin. -->","yoast_head_json":{"title":"Aviso Legal - Granja escuela Haritz Berri","robots":{"index":"index","follow":"follow","max-snippet":"max-snippet:-1","max-image-preview":"max-image-preview:large","max-video-preview":"max-video-preview:-1"},"canonical":"https:\/\/granjaescuela-haritzberri.com\/eu\/aviso-legal\/","og_locale":"en_US","og_type":"article","og_title":"Aviso Legal - Granja escuela Haritz Berri","og_description":"Le damos la bienvenida a nuestra web y le agradecemos su inter\u00e9s por leer las condiciones legales de nuestra web. Somos conscientes de que este tema puede no ser su preferido, pero es importante que conozca toda la informaci\u00f3n relativa a los t\u00e9rminos y condiciones legales que definen las relaciones entre los usuarios y nuestra [&hellip;]","og_url":"https:\/\/granjaescuela-haritzberri.com\/eu\/aviso-legal\/","og_site_name":"Granja escuela Haritz Berri","article_modified_time":"2024-11-03T19:42:33+00:00","twitter_card":"summary_large_image","twitter_misc":{"Est. reading time":"9 minutua"},"schema":{"@context":"https:\/\/schema.org","@graph":[{"@type":"WebPage","@id":"https:\/\/granjaescuela-haritzberri.com\/eu\/aviso-legal\/","url":"https:\/\/granjaescuela-haritzberri.com\/eu\/aviso-legal\/","name":"Aviso Legal - Granja escuela Haritz Berri","isPartOf":{"@id":"https:\/\/granjaescuela-haritzberri.com\/#website"},"datePublished":"2024-11-03T19:24:23+00:00","dateModified":"2024-11-03T19:42:33+00:00","breadcrumb":{"@id":"https:\/\/granjaescuela-haritzberri.com\/eu\/aviso-legal\/#breadcrumb"},"inLanguage":"eu","potentialAction":[{"@type":"ReadAction","target":["https:\/\/granjaescuela-haritzberri.com\/eu\/aviso-legal\/"]}]},{"@type":"BreadcrumbList","@id":"https:\/\/granjaescuela-haritzberri.com\/eu\/aviso-legal\/#breadcrumb","itemListElement":[{"@type":"ListItem","position":1,"name":"Portada","item":"https:\/\/granjaescuela-haritzberri.com\/eu\/"},{"@type":"ListItem","position":2,"name":"Aviso Legal"}]},{"@type":"WebSite","@id":"https:\/\/granjaescuela-haritzberri.com\/#website","url":"https:\/\/granjaescuela-haritzberri.com\/","name":"Granja escuela Haritz Berri","description":"","potentialAction":[{"@type":"SearchAction","target":{"@type":"EntryPoint","urlTemplate":"https:\/\/granjaescuela-haritzberri.com\/?s={search_term_string}"},"query-input":{"@type":"PropertyValueSpecification","valueRequired":true,"valueName":"search_term_string"}}],"inLanguage":"eu"}]}},"_links":{"self":[{"href":"https:\/\/granjaescuela-haritzberri.com\/eu\/wp-json\/wp\/v2\/pages\/2226","targetHints":{"allow":["GET"]}}],"collection":[{"href":"https:\/\/granjaescuela-haritzberri.com\/eu\/wp-json\/wp\/v2\/pages"}],"about":[{"href":"https:\/\/granjaescuela-haritzberri.com\/eu\/wp-json\/wp\/v2\/types\/page"}],"author":[{"embeddable":true,"href":"https:\/\/granjaescuela-haritzberri.com\/eu\/wp-json\/wp\/v2\/users\/2"}],"replies":[{"embeddable":true,"href":"https:\/\/granjaescuela-haritzberri.com\/eu\/wp-json\/wp\/v2\/comments?post=2226"}],"version-history":[{"count":2,"href":"https:\/\/granjaescuela-haritzberri.com\/eu\/wp-json\/wp\/v2\/pages\/2226\/revisions"}],"predecessor-version":[{"id":2231,"href":"https:\/\/granjaescuela-haritzberri.com\/eu\/wp-json\/wp\/v2\/pages\/2226\/revisions\/2231"}],"wp:attachment":[{"href":"https:\/\/granjaescuela-haritzberri.com\/eu\/wp-json\/wp\/v2\/media?parent=2226"}],"curies":[{"name":"wp","href":"https:\/\/api.w.org\/{rel}","templated":true}]}}