{"id":2220,"date":"2024-10-22T10:17:43","date_gmt":"2024-10-22T08:17:43","guid":{"rendered":"https:\/\/granjaescuela-haritzberri.com\/legal-politica-de-privacidad\/"},"modified":"2024-11-03T21:46:42","modified_gmt":"2024-11-03T19:46:42","slug":"legal-politica-de-privacidad","status":"publish","type":"page","link":"https:\/\/granjaescuela-haritzberri.com\/eu\/legal-politica-de-privacidad\/","title":{"rendered":"Pol\u00edtica de Privacidad"},"content":{"rendered":"\r\n\r\n\r\n<div class=\"wpb_text_column wpb_content_element \">\r\n<div class=\"wpb_wrapper\">\r\n<p>Tu privacidad es importante para nosotros, y tambi\u00e9n lo es la transparencia acerca de c\u00f3mo recopilamos, usamos y compartimos informaci\u00f3n sobre tus datos. Esta pol\u00edtica tiene como objetivo ayudarte a comprender, principalmente:<\/p>\r\n<\/div>\r\n<\/div>\r\n<div class=\"accordion wpb_content_element  not-column-inherit\">\r\n<div class=\"mfn-acc accordion_wrapper\" data-active-tab=\"1\">\r\n<div class=\"question wpb_accordion_section group active\">\r\n<div class=\"title\"><i class=\"icon-plus acc-icon-plus\"><\/i><strong>1. Menores de edad<\/strong><\/div>\r\n<div class=\"answer\">\r\n<div class=\"wpb_text_column wpb_content_element \">\r\n<div class=\"wpb_wrapper\">\r\n<p>Conforme a lo dispuesto en la normativa de protecci\u00f3n de datos GRANJA ESCUELA HARITZ BERRI determina como requisito indispensable para que puedas facilitar datos personales que tengas m\u00e1s de 14 a\u00f1os. Si eres menor de 14 a\u00f1os y has accedido a este sitio web no debes proporcionarnos ning\u00fan dato tuyo, ya sea mediante la cumplimentaci\u00f3n de los formularios web habilitados, los formularios de contacto, o mediante el env\u00edo de correos electr\u00f3nicos. La responsabilidad de la veracidad de esta informaci\u00f3n recae sobre t\u00ed. GRANJA ESCUELA HARITZ BERRI en el supuesto de que compruebe que no se cumple el citado requisito, tiene la potestad para hacer caso omiso a la solicitud de informaci\u00f3n remitida. En ning\u00fan caso se recabar\u00e1n del menor de edad datos relativos a la situaci\u00f3n profesional, econ\u00f3mica o a la intimidad de los otros miembros de la familia, sin el consentimiento de \u00e9stos.<\/p>\r\n<div class=\"title\"><strong>2. \u00bfQui\u00e9n es responsable del tratamiento de tus datos?<\/strong><\/div>\r\n<div class=\"answer\">\r\n<div class=\"wpb_text_column wpb_content_element \">\r\n<div class=\"wpb_wrapper\">\r\n<p>GRANJA ESCUELA HARITZ BERRI , con CIF G31725484, con domicilio en C\/San Juan s\/n 31192 Ilundain, tel\u00e9fono: +34 948 339 004 y direcci\u00f3n de correo electr\u00f3nico:\u00a0<\/p>\r\n<p><a href=\"mailto:haritzberri@fundacion-ilundain.com\">haritzberri@fundacion-ilundain.com<\/a><\/p>\r\n<div class=\"title\"><strong>3. \u00bfCon qu\u00e9 finalidad tratamos tus datos personales?<\/strong><\/div>\r\n<div class=\"answer\">\r\n<div class=\"wpb_text_column wpb_content_element \">\r\n<div class=\"wpb_wrapper\">\r\n<p>Los datos que nos mandes al cumplimentar alguno de nuestros formularios de recogida de datos o por correo electr\u00f3nico los empleamos para contestar a la solicitud planteada por tu parte. Los datos que nos suministres para suscribirte a alguna de nuestras publicaciones los emplearemos para hacerte llegar esa publicaci\u00f3n al correo electr\u00f3nico indicado por ti. Cualquier modificaci\u00f3n que pueda en su caso producirse en los datos de car\u00e1cter personal, deber\u00e1 ser puesta en conocimiento por parte del titular de los mismos, respondiendo en cualquier caso de la veracidad y exactitud de los datos suministrados en cada momento<\/p>\r\n<div class=\"title\"><strong>4. \u00bfPor cu\u00e1nto tiempo conservaremos tus datos?<\/strong><\/div>\r\n<div class=\"answer\">\r\n<div class=\"wpb_text_column wpb_content_element \">\r\n<div class=\"wpb_wrapper\">\r\n<p>Tus datos remitidos ser\u00e1n conservados mientras no revoques tu consentimiento para que los tratemos, en cuyo caso tus datos ser\u00e1n conservados \u00fanicamente durante el plazo exigido por la normativa legal aplicable.<\/p>\r\n<p>Tratamos tus datos de manera l\u00edcita, leal, transparente, adecuada, pertinente, limitada, exacta y actualizada. Es por ello que nos comprometemos a adoptar todas las medidas razonables para que estos se supriman o rectifiquen sin dilaci\u00f3n cuando sean inexactos.<\/p>\r\n<div class=\"question wpb_accordion_section group active\">\r\n<div class=\"title\"><strong>5. \u00bfCu\u00e1l es la legitimaci\u00f3n para el tratamimento de tus datos?<\/strong><\/div>\r\n<div class=\"answer\">\r\n<div class=\"wpb_text_column wpb_content_element \">\r\n<div class=\"wpb_wrapper\">\r\n<p>La base jur\u00eddica para el tratamiento de tus datos es\u00a0<strong>tu consentimiento<\/strong>\u00a0manifestado expresamente al aceptar la presente pol\u00edtica de protecci\u00f3n de datos antes de enviarnos los datos a trav\u00e9s del correspondiente formulario o al remitirnos un correo electr\u00f3nico.<\/p>\r\n<p>En el caso de que se suministren datos de terceros, declaras contar con el consentimiento de los titulares de los mismos para la citada comunicaci\u00f3n de datos o en su caso ostentar su representaci\u00f3n legal, eximiendo de toda responsabilidad a GRANJA ESCUELA HARITZ BERRI.<\/p>\r\n<\/div>\r\n<\/div>\r\n<\/div>\r\n<\/div>\r\n<div class=\"question wpb_accordion_section group\">\r\n<div class=\"title\">\r\n<div class=\"title\"><strong>6. \u00bfQu\u00e9 tipos de datos tratamos?<\/strong><\/div>\r\n<div class=\"answer\">\r\n<div class=\"wpb_text_column wpb_content_element \">\r\n<div class=\"wpb_wrapper\">\r\n<p>Las categor\u00edas de datos que se tratamos son datos identificativos (nombre, email y direcci\u00f3n IP).<\/p>\r\n<p>No tratamos categor\u00edas especiales de datos personales a trav\u00e9s de la web<\/p>\r\n<div class=\"title\"><strong>7. \u00bfA qu\u00e9 destinatarios\/as se comunicar\u00e1 tus datops?<\/strong><\/div>\r\n<div class=\"answer\">\r\n<div class=\"wpb_text_column wpb_content_element \">\r\n<div class=\"wpb_wrapper\">\r\n<p>Los datos no se ceder\u00e1n a terceros salvo en los casos en que exista una obligaci\u00f3n legal o sea preciso para el cumplimiento de la finalidad del tratamiento.<\/p>\r\n<p>En este \u00faltimo sentido, para prestar servicios estrictamente necesarios para el desarrollo de nuestra actividad, GRANJA ESCUELA HARITZ BERRI, comparte datos con prestadores de servicios tales como el servicio de alojamiento o el administrador de la web, proveedores con quienes tenemos firmados los correspondientes contratos de encargado de tratamiento conforme a la normativa vigente en materia de protecci\u00f3n de datos.<\/p>\r\n<p>Todas las utilidades ofrecidas por terceros son estrictamente necesarias para el desarrollo de nuestros servicios y han sido seleccionadas atendiendo al cumplimiento de los derechos que preservamos en esta web.<\/p>\r\n<p>Las siguientes empresas tendr\u00e1n acceso a la informaci\u00f3n personal necesaria para realizar sus funciones como encargados de tratamiento, pero no podr\u00e1n utilizarla para otros fines. Adem\u00e1s, deber\u00e1n tratar la informaci\u00f3n personal de conformidad con la presente Pol\u00edtica de Privacidad y la legislaci\u00f3n aplicable en materia de protecci\u00f3n de datos.<\/p>\r\n<ul>\r\n<li><strong>Google Analytics<\/strong>: un servicio anal\u00edtico de web prestado por Google, Inc., una compa\u00f1\u00eda de Delaware cuya oficina principal est\u00e1 en 1600 Amphitheatre Parkway, Mountain View (California), CA 94043, Estados Unidos (\u201cGoogle\u201d). Google Analytics utiliza \u201ccookies\u201d, que son archivos de texto ubicados en tu ordenador, para ayudarnos a analizar el uso que hacen los usuarios del sitio web. Si quieres m\u00e1s informaci\u00f3n consulta nuestra\u00a0<u>pol\u00edtica de cookies<\/u>.<\/li>\r\n<\/ul>\r\n<div class=\"title\"><strong>8. \u00bfCu\u00e1les son tus derechos cuando nos comunicas tus datos?<\/strong><\/div>\r\n<div class=\"answer\">\r\n<div class=\"wpb_text_column wpb_content_element \">\r\n<div class=\"wpb_wrapper\">\r\n<table style=\"height: 1067px;\" width=\"1085\">\r\n<tbody>\r\n<tr>\r\n<td width=\"99\"><strong>Derecho<\/strong><\/td>\r\n<td width=\"319\"><strong>Contenido<\/strong><\/td>\r\n<td width=\"196\"><strong>Canales de atenci\u00f3n<\/strong><\/td>\r\n<\/tr>\r\n<tr>\r\n<td width=\"99\"><strong>Acceso<\/strong><\/td>\r\n<td width=\"319\">Tienes derecho a obtener confirmaci\u00f3n sobre si GRANJA ESCUELA HARITZ BERRI est\u00e1 tratando tus datos personales.<\/td>\r\n<td rowspan=\"6\" width=\"196\">\u00a0\r\n<p>&nbsp;<\/p>\r\n<p>&nbsp;<\/p>\r\n<p>&nbsp;<\/p>\r\n<p>&nbsp;<\/p>\r\n<p>&nbsp;<\/p>\r\n<p>&nbsp;<\/p>\r\n<p>&nbsp;<\/p>\r\n<p>&nbsp;<\/p>\r\n<p><u>protecciondatos@fundacion-ilundain.com<\/u><\/p>\r\n<p>C\/San Juan s\/n 31192 Ilundain<\/p>\r\n<\/td>\r\n<\/tr>\r\n<tr>\r\n<td width=\"99\"><strong>Rectificaci\u00f3n<\/strong><\/td>\r\n<td width=\"319\">Podr\u00e1s modificar tus datos cuando sean inexactos.<\/td>\r\n<\/tr>\r\n<tr>\r\n<td width=\"99\"><strong>Supresi\u00f3n<\/strong><\/td>\r\n<td width=\"319\">Podr\u00e1s solicitar la supresi\u00f3n de tus datos.<\/td>\r\n<\/tr>\r\n<tr>\r\n<td width=\"99\"><strong>Oposici\u00f3n<\/strong><\/td>\r\n<td width=\"319\">Podr\u00e1s solicitar que se dejen de tratar tus datos.<\/td>\r\n<\/tr>\r\n<tr>\r\n<td width=\"99\"><strong>Limitaci\u00f3n del tratamiento<\/strong><\/td>\r\n<td width=\"319\">Podr\u00e1s solicitar la limitaci\u00f3n al tratamiento de tus datos cuando:\r\n<p>&nbsp;<\/p>\r\n<p>\u00fc\u00a0 Mientras se comprueba la impugnaci\u00f3n de la exactitud de tus datos.<\/p>\r\n<p>\u00fc\u00a0 Cuando el tratamiento es il\u00edcito y te opongas a la supresi\u00f3n de los datos.<\/p>\r\n<p>\u00fc\u00a0 Cuando GRANJA ESCUELA HARITZ BERRI no necesite tratar tus datos, pero t\u00fa los necesites para el ejercicio o la defensa de reclamaciones.<\/p>\r\n<p>\u00fc\u00a0 Cuando te hayas opuesto al tratamiento de tus datos para la satisfacci\u00f3n de un inter\u00e9s leg\u00edtimo de GRANJA ESCUELA HARITZ BERRI, mientras se verifica si este inter\u00e9s prevalece sobre tus derechos y libertades.<\/p>\r\n<\/td>\r\n<\/tr>\r\n<tr>\r\n<td width=\"99\"><strong>Portabilidad<\/strong><\/td>\r\n<td width=\"319\">Podr\u00e1s recibir, en formato electr\u00f3nico, los datos personales que nos hayas facilitado y aquellos que se hayan obtenido de tu relaci\u00f3n contractual con GRANJA ESCUELA HARITZ BERRI , as\u00ed como a que los trasmitamos a otra entidad a tu elecci\u00f3n.<\/td>\r\n<\/tr>\r\n<tr>\r\n<td colspan=\"3\" width=\"614\"><strong>Si entiendas que tu solicitud no ha sido correctamente atendida puedes dirigirte a la Agencia Espa\u00f1ola de Protecci\u00f3n de datos (www.agpd.es) y presentar una reclamaci\u00f3n.<\/strong><\/td>\r\n<\/tr>\r\n<tr>\r\n<td colspan=\"3\" width=\"614\"><strong>Para ejercitar tus derechos acompa\u00f1a a tu solicitud una copia de tu DNI o documento acreditativo de tu identidad.<\/strong><\/td>\r\n<\/tr>\r\n<tr>\r\n<td colspan=\"3\" width=\"614\"><strong>El ejercicio d estos derechos es gratuito.<\/strong><\/td>\r\n<\/tr>\r\n<\/tbody>\r\n<\/table>\r\n<\/div>\r\n<div>\u00a0<\/div>\r\n<div class=\"title\"><strong>9. Comunicaciones comerciales por medios electr\u00f3nicos<\/strong><\/div>\r\n<div class=\"answer\">\r\n<div class=\"wpb_text_column wpb_content_element \">\r\n<div class=\"wpb_wrapper\">\r\n<p>GRANJA ESCUELA HARITZ BERRI te informa que da cumplimiento a la Ley 34\/2002 de 11 de julio, de Servicios de la Sociedad de la Informaci\u00f3n y el Comercio Electr\u00f3nico y no realiza pr\u00e1cticas de SPAM, por ello te solicitar\u00e1 tu consentimiento al tratamiento de tu correo electr\u00f3nico o tel\u00e9fono m\u00f3vil con fines comerciales en cada momento.<\/p>\r\n<div class=\"title\"><strong>10. Actualizaci\u00f3n de la pol\u00edtica de privacidad<\/strong><\/div>\r\n<div class=\"answer\">\r\n<div class=\"wpb_text_column wpb_content_element \">\r\n<div class=\"wpb_wrapper\">\r\n<p>GRANJA ESCUELA HARITZ BERRI se reserva el derecho de modificar su pol\u00edtica de privacidad o condiciones de uso de sus servicios por motivos de adaptaci\u00f3n a la legislaci\u00f3n vigente, u otros motivos, cuando esto ocurra, te avisaremos de cualquier cambio y te pediremos que vuelvas a leer la versi\u00f3n m\u00e1s reciente de nuestra pol\u00edtica y en su caso que confirmes su aceptaci\u00f3n. Se asegura la absoluta confidencialidad y privacidad de los datos personales recogidos y por ello se han adoptado medidas de seguridad a fin de evitar la alteraci\u00f3n, p\u00e9rdida, tratamiento o acceso no autorizado, y garantizar as\u00ed su integridad, disponibilidad y seguridad. Sin embargo, GRANJA ESCUELA HARITZ BERRI no ser\u00e1 responsable de las incidencias que puedan surgir en torno a datos personales cuando estas se deriven: bien de un ataque o acceso no autorizado a los sistemas de tal forma que resulte imposible detectarlo o impedirlo aun adopt\u00e1ndose las medidas seg\u00fan el estado de la tecnolog\u00eda actual.<\/p>\r\n<\/div>\r\n<\/div>\r\n<\/div>\r\n<\/div>\r\n<\/div>\r\n<\/div>\r\n<\/div>\r\n<\/div>\r\n<\/div>\r\n<\/div>\r\n<\/div>\r\n<\/div>\r\n<\/div>\r\n<\/div>\r\n<\/div>\r\n<\/div>\r\n<\/div>\r\n<\/div>\r\n<\/div>\r\n<\/div>\r\n<\/div>\r\n<\/div>\r\n<\/div>\r\n<\/div>\r\n<\/div>\r\n<\/div>\r\n<\/div>\r\n<\/div>\r\n<\/div>\r\n<\/div>\r\n<\/div>","protected":false},"excerpt":{"rendered":"<p>Tu privacidad es importante para nosotros, y tambi\u00e9n lo es la transparencia acerca de c\u00f3mo recopilamos, usamos y compartimos informaci\u00f3n sobre tus datos. Esta pol\u00edtica tiene como objetivo ayudarte a comprender, principalmente: 1. Menores de edad Conforme a lo dispuesto en la normativa de protecci\u00f3n de datos GRANJA ESCUELA HARITZ BERRI determina como requisito indispensable [&hellip;]<\/p>\n","protected":false},"author":1,"featured_media":0,"parent":0,"menu_order":99,"comment_status":"closed","ping_status":"closed","template":"","meta":{"_acf_changed":false,"footnotes":""},"class_list":["post-2220","page","type-page","status-publish","hentry"],"acf":[],"yoast_head":"<!-- This site is optimized with the Yoast SEO plugin v27.5 - https:\/\/yoast.com\/product\/yoast-seo-wordpress\/ -->\n<title>Pol\u00edtica de Privacidad - Granja escuela Haritz Berri<\/title>\n<meta name=\"robots\" content=\"index, follow, max-snippet:-1, max-image-preview:large, max-video-preview:-1\" \/>\n<link rel=\"canonical\" href=\"https:\/\/granjaescuela-haritzberri.com\/eu\/legal-politica-de-privacidad\/\" \/>\n<meta property=\"og:locale\" content=\"en_US\" \/>\n<meta property=\"og:type\" content=\"article\" \/>\n<meta property=\"og:title\" content=\"Pol\u00edtica de Privacidad - Granja escuela Haritz Berri\" \/>\n<meta property=\"og:description\" content=\"Tu privacidad es importante para nosotros, y tambi\u00e9n lo es la transparencia acerca de c\u00f3mo recopilamos, usamos y compartimos informaci\u00f3n sobre tus datos. Esta pol\u00edtica tiene como objetivo ayudarte a comprender, principalmente: 1. Menores de edad Conforme a lo dispuesto en la normativa de protecci\u00f3n de datos GRANJA ESCUELA HARITZ BERRI determina como requisito indispensable [&hellip;]\" \/>\n<meta property=\"og:url\" content=\"https:\/\/granjaescuela-haritzberri.com\/eu\/legal-politica-de-privacidad\/\" \/>\n<meta property=\"og:site_name\" content=\"Granja escuela Haritz Berri\" \/>\n<meta property=\"article:modified_time\" content=\"2024-11-03T19:46:42+00:00\" \/>\n<meta name=\"twitter:card\" content=\"summary_large_image\" \/>\n<meta name=\"twitter:label1\" content=\"Est. reading time\" \/>\n\t<meta name=\"twitter:data1\" content=\"9 minutua\" \/>\n<script type=\"application\/ld+json\" class=\"yoast-schema-graph\">{\"@context\":\"https:\\\/\\\/schema.org\",\"@graph\":[{\"@type\":\"WebPage\",\"@id\":\"https:\\\/\\\/granjaescuela-haritzberri.com\\\/eu\\\/legal-politica-de-privacidad\\\/\",\"url\":\"https:\\\/\\\/granjaescuela-haritzberri.com\\\/eu\\\/legal-politica-de-privacidad\\\/\",\"name\":\"Pol\u00edtica de Privacidad - Granja escuela Haritz Berri\",\"isPartOf\":{\"@id\":\"https:\\\/\\\/granjaescuela-haritzberri.com\\\/#website\"},\"datePublished\":\"2024-10-22T08:17:43+00:00\",\"dateModified\":\"2024-11-03T19:46:42+00:00\",\"breadcrumb\":{\"@id\":\"https:\\\/\\\/granjaescuela-haritzberri.com\\\/eu\\\/legal-politica-de-privacidad\\\/#breadcrumb\"},\"inLanguage\":\"eu\",\"potentialAction\":[{\"@type\":\"ReadAction\",\"target\":[\"https:\\\/\\\/granjaescuela-haritzberri.com\\\/eu\\\/legal-politica-de-privacidad\\\/\"]}]},{\"@type\":\"BreadcrumbList\",\"@id\":\"https:\\\/\\\/granjaescuela-haritzberri.com\\\/eu\\\/legal-politica-de-privacidad\\\/#breadcrumb\",\"itemListElement\":[{\"@type\":\"ListItem\",\"position\":1,\"name\":\"Portada\",\"item\":\"https:\\\/\\\/granjaescuela-haritzberri.com\\\/eu\\\/\"},{\"@type\":\"ListItem\",\"position\":2,\"name\":\"Pol\u00edtica de Privacidad\"}]},{\"@type\":\"WebSite\",\"@id\":\"https:\\\/\\\/granjaescuela-haritzberri.com\\\/#website\",\"url\":\"https:\\\/\\\/granjaescuela-haritzberri.com\\\/\",\"name\":\"Granja escuela Haritz Berri\",\"description\":\"\",\"potentialAction\":[{\"@type\":\"SearchAction\",\"target\":{\"@type\":\"EntryPoint\",\"urlTemplate\":\"https:\\\/\\\/granjaescuela-haritzberri.com\\\/?s={search_term_string}\"},\"query-input\":{\"@type\":\"PropertyValueSpecification\",\"valueRequired\":true,\"valueName\":\"search_term_string\"}}],\"inLanguage\":\"eu\"}]}<\/script>\n<!-- \/ Yoast SEO plugin. -->","yoast_head_json":{"title":"Pol\u00edtica de Privacidad - Granja escuela Haritz Berri","robots":{"index":"index","follow":"follow","max-snippet":"max-snippet:-1","max-image-preview":"max-image-preview:large","max-video-preview":"max-video-preview:-1"},"canonical":"https:\/\/granjaescuela-haritzberri.com\/eu\/legal-politica-de-privacidad\/","og_locale":"en_US","og_type":"article","og_title":"Pol\u00edtica de Privacidad - Granja escuela Haritz Berri","og_description":"Tu privacidad es importante para nosotros, y tambi\u00e9n lo es la transparencia acerca de c\u00f3mo recopilamos, usamos y compartimos informaci\u00f3n sobre tus datos. Esta pol\u00edtica tiene como objetivo ayudarte a comprender, principalmente: 1. Menores de edad Conforme a lo dispuesto en la normativa de protecci\u00f3n de datos GRANJA ESCUELA HARITZ BERRI determina como requisito indispensable [&hellip;]","og_url":"https:\/\/granjaescuela-haritzberri.com\/eu\/legal-politica-de-privacidad\/","og_site_name":"Granja escuela Haritz Berri","article_modified_time":"2024-11-03T19:46:42+00:00","twitter_card":"summary_large_image","twitter_misc":{"Est. reading time":"9 minutua"},"schema":{"@context":"https:\/\/schema.org","@graph":[{"@type":"WebPage","@id":"https:\/\/granjaescuela-haritzberri.com\/eu\/legal-politica-de-privacidad\/","url":"https:\/\/granjaescuela-haritzberri.com\/eu\/legal-politica-de-privacidad\/","name":"Pol\u00edtica de Privacidad - Granja escuela Haritz Berri","isPartOf":{"@id":"https:\/\/granjaescuela-haritzberri.com\/#website"},"datePublished":"2024-10-22T08:17:43+00:00","dateModified":"2024-11-03T19:46:42+00:00","breadcrumb":{"@id":"https:\/\/granjaescuela-haritzberri.com\/eu\/legal-politica-de-privacidad\/#breadcrumb"},"inLanguage":"eu","potentialAction":[{"@type":"ReadAction","target":["https:\/\/granjaescuela-haritzberri.com\/eu\/legal-politica-de-privacidad\/"]}]},{"@type":"BreadcrumbList","@id":"https:\/\/granjaescuela-haritzberri.com\/eu\/legal-politica-de-privacidad\/#breadcrumb","itemListElement":[{"@type":"ListItem","position":1,"name":"Portada","item":"https:\/\/granjaescuela-haritzberri.com\/eu\/"},{"@type":"ListItem","position":2,"name":"Pol\u00edtica de Privacidad"}]},{"@type":"WebSite","@id":"https:\/\/granjaescuela-haritzberri.com\/#website","url":"https:\/\/granjaescuela-haritzberri.com\/","name":"Granja escuela Haritz Berri","description":"","potentialAction":[{"@type":"SearchAction","target":{"@type":"EntryPoint","urlTemplate":"https:\/\/granjaescuela-haritzberri.com\/?s={search_term_string}"},"query-input":{"@type":"PropertyValueSpecification","valueRequired":true,"valueName":"search_term_string"}}],"inLanguage":"eu"}]}},"_links":{"self":[{"href":"https:\/\/granjaescuela-haritzberri.com\/eu\/wp-json\/wp\/v2\/pages\/2220","targetHints":{"allow":["GET"]}}],"collection":[{"href":"https:\/\/granjaescuela-haritzberri.com\/eu\/wp-json\/wp\/v2\/pages"}],"about":[{"href":"https:\/\/granjaescuela-haritzberri.com\/eu\/wp-json\/wp\/v2\/types\/page"}],"author":[{"embeddable":true,"href":"https:\/\/granjaescuela-haritzberri.com\/eu\/wp-json\/wp\/v2\/users\/1"}],"replies":[{"embeddable":true,"href":"https:\/\/granjaescuela-haritzberri.com\/eu\/wp-json\/wp\/v2\/comments?post=2220"}],"version-history":[{"count":3,"href":"https:\/\/granjaescuela-haritzberri.com\/eu\/wp-json\/wp\/v2\/pages\/2220\/revisions"}],"predecessor-version":[{"id":2234,"href":"https:\/\/granjaescuela-haritzberri.com\/eu\/wp-json\/wp\/v2\/pages\/2220\/revisions\/2234"}],"wp:attachment":[{"href":"https:\/\/granjaescuela-haritzberri.com\/eu\/wp-json\/wp\/v2\/media?parent=2220"}],"curies":[{"name":"wp","href":"https:\/\/api.w.org\/{rel}","templated":true}]}}